{"id":1388,"date":"2022-12-20T17:31:00","date_gmt":"2022-12-20T16:31:00","guid":{"rendered":"https:\/\/www.fondsantoinedopchie.org\/?page_id=1388"},"modified":"2022-12-20T18:20:06","modified_gmt":"2022-12-20T17:20:06","slug":"swim-for-dais","status":"publish","type":"page","link":"https:\/\/www.fondsantoinedopchie.org\/index.php\/swim-for-dais\/","title":{"rendered":"SWIM for Da\u00efs"},"content":{"rendered":"\t\t<div data-elementor-type=\"wp-page\" data-elementor-id=\"1388\" class=\"elementor elementor-1388\" data-elementor-settings=\"[]\">\n\t\t\t\t\t\t<div class=\"elementor-inner\">\n\t\t\t\t\t\t\t<div class=\"elementor-section-wrap\">\n\t\t\t\t\t\t\t<section class=\"elementor-section elementor-top-section elementor-element elementor-element-71179ff elementor-section-boxed elementor-section-height-default elementor-section-height-default\" data-id=\"71179ff\" data-element_type=\"section\">\n\t\t\t\t\t\t<div class=\"elementor-container elementor-column-gap-default\">\n\t\t\t\t\t\t\t<div class=\"elementor-row\">\n\t\t\t\t\t<div class=\"elementor-column elementor-col-100 elementor-top-column elementor-element elementor-element-29f43e1\" data-id=\"29f43e1\" data-element_type=\"column\">\n\t\t\t<div class=\"elementor-column-wrap elementor-element-populated\">\n\t\t\t\t\t\t\t<div class=\"elementor-widget-wrap\">\n\t\t\t\t\t\t<div class=\"elementor-element elementor-element-ca2a412 elementor-widget elementor-widget-image\" data-id=\"ca2a412\" data-element_type=\"widget\" data-widget_type=\"image.default\">\n\t\t\t\t<div class=\"elementor-widget-container\">\n\t\t\t\t\t<div class=\"elementor-image\">\n\t\t\t\t\t\t\t\t\t\t<img width=\"640\" height=\"905\" src=\"https:\/\/www.fondsantoinedopchie.org\/wp-content\/uploads\/2022\/12\/Flyer-Swim-for-DAIS-v2-724x1024.jpg\" class=\"attachment-large size-large\" alt=\"\" loading=\"lazy\" srcset=\"https:\/\/www.fondsantoinedopchie.org\/wp-content\/uploads\/2022\/12\/Flyer-Swim-for-DAIS-v2-724x1024.jpg 724w, https:\/\/www.fondsantoinedopchie.org\/wp-content\/uploads\/2022\/12\/Flyer-Swim-for-DAIS-v2-212x300.jpg 212w, https:\/\/www.fondsantoinedopchie.org\/wp-content\/uploads\/2022\/12\/Flyer-Swim-for-DAIS-v2-768x1086.jpg 768w, https:\/\/www.fondsantoinedopchie.org\/wp-content\/uploads\/2022\/12\/Flyer-Swim-for-DAIS-v2-1086x1536.jpg 1086w, https:\/\/www.fondsantoinedopchie.org\/wp-content\/uploads\/2022\/12\/Flyer-Swim-for-DAIS-v2-1448x2048.jpg 1448w, https:\/\/www.fondsantoinedopchie.org\/wp-content\/uploads\/2022\/12\/Flyer-Swim-for-DAIS-v2-scaled.jpg 1810w\" sizes=\"(max-width: 640px) 100vw, 640px\" \/>\t\t\t\t\t\t\t\t\t\t\t<\/div>\n\t\t\t\t<\/div>\n\t\t\t\t<\/div>\n\t\t\t\t\t\t<\/div>\n\t\t\t\t\t<\/div>\n\t\t<\/div>\n\t\t\t\t\t\t\t\t<\/div>\n\t\t\t\t\t<\/div>\n\t\t<\/section>\n\t\t\t\t<section class=\"elementor-section elementor-top-section elementor-element elementor-element-90c0a64 elementor-section-boxed elementor-section-height-default elementor-section-height-default\" data-id=\"90c0a64\" data-element_type=\"section\">\n\t\t\t\t\t\t<div class=\"elementor-container elementor-column-gap-default\">\n\t\t\t\t\t\t\t<div class=\"elementor-row\">\n\t\t\t\t\t<div class=\"elementor-column elementor-col-100 elementor-top-column elementor-element elementor-element-f46612a\" data-id=\"f46612a\" data-element_type=\"column\">\n\t\t\t<div class=\"elementor-column-wrap elementor-element-populated\">\n\t\t\t\t\t\t\t<div class=\"elementor-widget-wrap\">\n\t\t\t\t\t\t<div class=\"elementor-element elementor-element-56f4175 elementor-widget elementor-widget-image\" data-id=\"56f4175\" data-element_type=\"widget\" data-widget_type=\"image.default\">\n\t\t\t\t<div class=\"elementor-widget-container\">\n\t\t\t\t\t<div class=\"elementor-image\">\n\t\t\t\t\t\t\t\t\t\t<img width=\"640\" height=\"426\" src=\"https:\/\/www.fondsantoinedopchie.org\/wp-content\/uploads\/2022\/12\/groepsfoto-SWIM-for-DAIS-small-1024x681.jpg\" class=\"attachment-large size-large\" alt=\"\" loading=\"lazy\" srcset=\"https:\/\/www.fondsantoinedopchie.org\/wp-content\/uploads\/2022\/12\/groepsfoto-SWIM-for-DAIS-small-1024x681.jpg 1024w, https:\/\/www.fondsantoinedopchie.org\/wp-content\/uploads\/2022\/12\/groepsfoto-SWIM-for-DAIS-small-300x199.jpg 300w, https:\/\/www.fondsantoinedopchie.org\/wp-content\/uploads\/2022\/12\/groepsfoto-SWIM-for-DAIS-small-768x511.jpg 768w, https:\/\/www.fondsantoinedopchie.org\/wp-content\/uploads\/2022\/12\/groepsfoto-SWIM-for-DAIS-small-1536x1021.jpg 1536w, https:\/\/www.fondsantoinedopchie.org\/wp-content\/uploads\/2022\/12\/groepsfoto-SWIM-for-DAIS-small.jpg 1775w\" sizes=\"(max-width: 640px) 100vw, 640px\" \/>\t\t\t\t\t\t\t\t\t\t\t<\/div>\n\t\t\t\t<\/div>\n\t\t\t\t<\/div>\n\t\t\t\t\t\t<\/div>\n\t\t\t\t\t<\/div>\n\t\t<\/div>\n\t\t\t\t\t\t\t\t<\/div>\n\t\t\t\t\t<\/div>\n\t\t<\/section>\n\t\t\t\t<section class=\"elementor-section elementor-top-section elementor-element elementor-element-c551622 elementor-section-boxed elementor-section-height-default elementor-section-height-default\" data-id=\"c551622\" data-element_type=\"section\">\n\t\t\t\t\t\t<div class=\"elementor-container elementor-column-gap-default\">\n\t\t\t\t\t\t\t<div class=\"elementor-row\">\n\t\t\t\t\t<div class=\"elementor-column elementor-col-100 elementor-top-column elementor-element elementor-element-e5ba9a1\" data-id=\"e5ba9a1\" data-element_type=\"column\">\n\t\t\t<div class=\"elementor-column-wrap elementor-element-populated\">\n\t\t\t\t\t\t\t<div class=\"elementor-widget-wrap\">\n\t\t\t\t\t\t<div class=\"elementor-element elementor-element-1373f33 elementor-widget elementor-widget-text-editor\" data-id=\"1373f33\" data-element_type=\"widget\" data-widget_type=\"text-editor.default\">\n\t\t\t\t<div class=\"elementor-widget-container\">\n\t\t\t\t\t<div class=\"elementor-text-editor elementor-clearfix\"><p>SWIM for DAIS a \u00e9t\u00e9 soutenu par le Fonds Antoine Dopchie pour couvrir partiellement les co\u00fbts d&rsquo;organisation. Un succ\u00e8s incroyable par la performance sportive, l&rsquo;ambiance, l&rsquo;organisation &#8230;<\/p>\nCet \u00e9v\u00e9nement inclusif a \u00e9t\u00e9 mis en place par notre entra\u00eeneur de natation Ludo Blommaert.<\/span><\/p>\nAvec des recettes de plus de 8 000 euros, cet \u00e9v\u00e9nement a plus que r\u00e9pondu aux attentes.<\/span><\/p>\nEn outre, en moyenne, plus de 26 km ont \u00e9t\u00e9 parcourus par couloir au lieu des 10 km pr\u00e9vus.<\/span><\/p>\nLes 12 nageurs handicap\u00e9s ont nag\u00e9 un total de 41 km.<\/span><\/p>\nLes 18 nageurs valides ont parcouru ensemble 120 km.<\/span><\/p>\nParmi les nageurs du DAIS, il y en avait quelques-uns avec 5 km.<\/span><\/p>\nParmi les nageurs valides, il y avait des premiers avec 9km.<\/span><\/p>\nLe tout a \u00e9t\u00e9 couronn\u00e9 par la musique du DJ Wytse Borremans.<\/span><\/p>\nC&rsquo;est aussi et surtout l&rsquo;orchestre de fauchage des G-bloezers qui a fait monter l&rsquo;ambiance,\nce qui a m\u00eame conduit \u00e0 une polonaise dans la piscine.<\/span><\/p>\nEt puis il y a eu le groupe de G-dance de DAIS, qui a donn\u00e9 un grand spectacle dans la salle de sport.<\/span><\/p>\nMerci \u00e0 tous nos sponsors. DAISvzw voit ses activit\u00e9s renforc\u00e9es et peut envisager avec confiance les jeux nationaux Special Olympics de 2023 \u00e0 Malines.<\/span><\/p>\nPlus de 50 athl\u00e8tes et leurs entra\u00eeneurs y passeront quatre jours ensemble, dont notre judoka Maarten Poels, qui sera le visage de ces Jeux.<\/span><\/p>\nPour regarder le reportage de RingTV, cliquez sur ce lien : <\/span><a href=\"https:\/\/www.ringtv.be\/nieuws\/swim-dais-10000-meter-zwemmen-voor-het-goede-doel\"><span style=\"font-size: 11pt; font-family: Calibri, sans-serif; color: #0563c1; background-color: transparent; font-variant-numeric: normal; font-variant-east-asian: normal; text-decoration-line: underline; text-decoration-skip-ink: none; vertical-align: baseline; white-space: pre-wrap;\">https:\/\/www.ringtv.be\/nieuws\/swim-dais-10000-meter-zwemmen-voor-het-goede-doel<\/span><\/a><span style=\"font-size: 11pt; font-family: Calibri, sans-serif; color: #000000; background-color: transparent; font-variant-numeric: normal; font-variant-east-asian: normal; vertical-align: baseline; white-space: pre-wrap;\">.<\/span><\/p>\n<div><span style=\"font-size: 11pt; font-family: Calibri, sans-serif; color: #000000; background-color: transparent; font-variant-numeric: normal; font-variant-east-asian: normal; vertical-align: baseline; white-space: pre-wrap;\">&nbsp;<\/span><\/div><\/div>\n\t\t\t\t<\/div>\n\t\t\t\t<\/div>\n\t\t\t\t\t\t<\/div>\n\t\t\t\t\t<\/div>\n\t\t<\/div>\n\t\t\t\t\t\t\t\t<\/div>\n\t\t\t\t\t<\/div>\n\t\t<\/section>\n\t\t\t\t<section class=\"elementor-section elementor-top-section elementor-element elementor-element-c0b7d9c elementor-section-boxed elementor-section-height-default elementor-section-height-default\" data-id=\"c0b7d9c\" data-element_type=\"section\">\n\t\t\t\t\t\t<div class=\"elementor-container elementor-column-gap-default\">\n\t\t\t\t\t\t\t<div class=\"elementor-row\">\n\t\t\t\t\t<div class=\"elementor-column elementor-col-100 elementor-top-column elementor-element elementor-element-4e9046d\" data-id=\"4e9046d\" data-element_type=\"column\">\n\t\t\t<div class=\"elementor-column-wrap\">\n\t\t\t\t\t\t\t<div class=\"elementor-widget-wrap\">\n\t\t\t\t\t\t\t\t<\/div>\n\t\t\t\t\t<\/div>\n\t\t<\/div>\n\t\t\t\t\t\t\t\t<\/div>\n\t\t\t\t\t<\/div>\n\t\t<\/section>\n\t\t\t\t\t\t<\/div>\n\t\t\t\t\t\t<\/div>\n\t\t\t\t\t<\/div>\n\t\t","protected":false},"excerpt":{"rendered":"<p>SWIM for DAIS a \u00e9t\u00e9 soutenu par le Fonds Antoine Dopchie pour couvrir partiellement les co\u00fbts d&rsquo;organisation. Un succ\u00e8s incroyable par la performance sportive, l&rsquo;ambiance, l&rsquo;organisation &#8230; Cet \u00e9v\u00e9nement inclusif a \u00e9t\u00e9 mis en place par notre entra\u00eeneur de natation Ludo Blommaert. Avec des recettes de plus de 8 000 euros, cet \u00e9v\u00e9nement a plus [&hellip;]<\/p>\n","protected":false},"author":1,"featured_media":0,"parent":0,"menu_order":0,"comment_status":"closed","ping_status":"closed","template":"","meta":[],"_links":{"self":[{"href":"https:\/\/www.fondsantoinedopchie.org\/index.php\/wp-json\/wp\/v2\/pages\/1388"}],"collection":[{"href":"https:\/\/www.fondsantoinedopchie.org\/index.php\/wp-json\/wp\/v2\/pages"}],"about":[{"href":"https:\/\/www.fondsantoinedopchie.org\/index.php\/wp-json\/wp\/v2\/types\/page"}],"author":[{"embeddable":true,"href":"https:\/\/www.fondsantoinedopchie.org\/index.php\/wp-json\/wp\/v2\/users\/1"}],"replies":[{"embeddable":true,"href":"https:\/\/www.fondsantoinedopchie.org\/index.php\/wp-json\/wp\/v2\/comments?post=1388"}],"version-history":[{"count":17,"href":"https:\/\/www.fondsantoinedopchie.org\/index.php\/wp-json\/wp\/v2\/pages\/1388\/revisions"}],"predecessor-version":[{"id":1421,"href":"https:\/\/www.fondsantoinedopchie.org\/index.php\/wp-json\/wp\/v2\/pages\/1388\/revisions\/1421"}],"wp:attachment":[{"href":"https:\/\/www.fondsantoinedopchie.org\/index.php\/wp-json\/wp\/v2\/media?parent=1388"}],"curies":[{"name":"wp","href":"https:\/\/api.w.org\/{rel}","templated":true}]}}