{"id":424,"date":"2020-12-12T12:00:26","date_gmt":"2020-12-12T11:00:26","guid":{"rendered":"http:\/\/www.fondsantoinedopchie.org\/?page_id=424"},"modified":"2024-08-28T20:20:05","modified_gmt":"2024-08-28T18:20:05","slug":"prix-clubs","status":"publish","type":"page","link":"https:\/\/www.fondsantoinedopchie.org\/index.php\/prix-clubs\/","title":{"rendered":"Prix clubs"},"content":{"rendered":"\t\t<div data-elementor-type=\"wp-page\" data-elementor-id=\"424\" class=\"elementor elementor-424\" data-elementor-settings=\"[]\">\n\t\t\t\t\t\t<div class=\"elementor-inner\">\n\t\t\t\t\t\t\t<div class=\"elementor-section-wrap\">\n\t\t\t\t\t\t\t<section class=\"elementor-section elementor-top-section elementor-element elementor-element-fd61a56 elementor-section-boxed elementor-section-height-default elementor-section-height-default\" data-id=\"fd61a56\" data-element_type=\"section\">\n\t\t\t\t\t\t<div class=\"elementor-container elementor-column-gap-default\">\n\t\t\t\t\t\t\t<div class=\"elementor-row\">\n\t\t\t\t\t<div class=\"elementor-column elementor-col-100 elementor-top-column elementor-element elementor-element-55d3e0c\" data-id=\"55d3e0c\" data-element_type=\"column\">\n\t\t\t<div class=\"elementor-column-wrap elementor-element-populated\">\n\t\t\t\t\t\t\t<div class=\"elementor-widget-wrap\">\n\t\t\t\t\t\t<div class=\"elementor-element elementor-element-3c4f4e9 elementor-widget elementor-widget-text-editor\" data-id=\"3c4f4e9\" data-element_type=\"widget\" data-widget_type=\"text-editor.default\">\n\t\t\t\t<div class=\"elementor-widget-container\">\n\t\t\t\t\t<div class=\"elementor-text-editor elementor-clearfix\"><strong>Liste des laur\u00e9ats Prix club.<\/strong>\n<table width=\"404\">\n<tbody>\n<tr>\n<td width=\"150\">Nom Club<\/td>\n<td width=\"75\">Code postal<\/td>\n<td width=\"75\">Ville<\/td>\n<td width=\"104\">Ann\u00e9e laur\u00e9at<\/td>\n<\/tr>\n<tr>\n<td>HOGE KOUTER<\/td>\n<td>8500<\/td>\n<td>Kortrijk<\/td>\n<td>2024<\/td>\n<\/tr>\n<tr>\n<td>ZGEEL<\/td>\n<td>2440<\/td>\n<td>Geel<\/td>\n<td>2023<\/td>\n<\/tr>\n<tr>\n<td>CLUB KERCKSTEDE<\/td>\n<td>8840<\/td>\n<td>Oostnieuwkerke<\/td>\n<td>2022<\/td>\n<\/tr>\n<tr>\n<td>EMBARQUEMENT IMMEDIAT<\/td>\n<td>4000<\/td>\n<td>Li\u00e8ge<\/td>\n<td>2019<\/td>\n<\/tr>\n<tr>\n<td>ZONNEHOEVE<\/td>\n<td>9810<\/td>\n<td>Eke-Nazareth<\/td>\n<td>2018<\/td>\n<\/tr>\n<tr>\n<td>AVALI LUMMEN<\/td>\n<td><\/td>\n<td><\/td>\n<td>2017<\/td>\n<\/tr>\n<tr>\n<td>DAIS<\/td>\n<td><\/td>\n<td><\/td>\n<td>2016<\/td>\n<\/tr>\n<tr>\n<td>L&rsquo;ENVOL<\/td>\n<td><\/td>\n<td><\/td>\n<td>2015<\/td>\n<\/tr>\n<tr>\n<td>HOGE KOUTER<\/td>\n<td><\/td>\n<td><\/td>\n<td>2013<\/td>\n<\/tr>\n<tr>\n<td>LA CORDEE<\/td>\n<td><\/td>\n<td><\/td>\n<td>2012<\/td>\n<\/tr>\n<tr>\n<td>LES OURSONS<\/td>\n<td><\/td>\n<td><\/td>\n<td>2011<\/td>\n<\/tr>\n<tr>\n<td>Z GEEL<\/td>\n<td><\/td>\n<td><\/td>\n<td>2010<\/td>\n<\/tr>\n<tr>\n<td>AVALYMPICS-LIMBURG<\/td>\n<td>3260<\/td>\n<td>Diest<\/td>\n<td>2009<\/td>\n<\/tr>\n<tr>\n<td>MASS &#8211; prix sp\u00e9cial<\/td>\n<td><\/td>\n<td><\/td>\n<td>2008<\/td>\n<\/tr>\n<tr>\n<td>TER LINDE<\/td>\n<td><\/td>\n<td><\/td>\n<td>2008<\/td>\n<\/tr>\n<tr>\n<td>L&rsquo;ENVOLEE<\/td>\n<td><\/td>\n<td><\/td>\n<td>2007<\/td>\n<\/tr>\n<tr>\n<td>DELTA<\/td>\n<td><\/td>\n<td><\/td>\n<td>2006<\/td>\n<\/tr>\n<tr>\n<td>KERCKSTEDE<\/td>\n<td>8840<\/td>\n<td>Oostnieuwekerke<\/td>\n<td>2005<\/td>\n<\/tr>\n<tr>\n<td>THALIA<\/td>\n<td><\/td>\n<td><\/td>\n<td>2004<\/td>\n<\/tr>\n<tr>\n<td>BLIJDORP<\/td>\n<td>9255<\/td>\n<td>Buggehout<\/td>\n<td>2003<\/td>\n<\/tr>\n<tr>\n<td>Les KOLOUTES<\/td>\n<td>1390<\/td>\n<td>Grez-Doiceau<\/td>\n<td>2002<\/td>\n<\/tr>\n<tr>\n<td>AVALYMPICS-LIMBURG<\/td>\n<td>3260<\/td>\n<td>Diest<\/td>\n<td>2001<\/td>\n<\/tr>\n<tr>\n<td>A.T.L.A.S.H.<\/td>\n<td>4500<\/td>\n<td>Tihange<\/td>\n<td>2001<\/td>\n<\/tr>\n<tr>\n<td>HAVENZATE<\/td>\n<td>8630<\/td>\n<td>Veurne<\/td>\n<td>2001<\/td>\n<\/tr>\n<tr>\n<td>Les GRILLONS<\/td>\n<td>4051<\/td>\n<td>Vaux-sous-Ch\u00e8vremont<\/td>\n<td>2000<\/td>\n<\/tr>\n<tr>\n<td>Les BLEUETS<\/td>\n<td>4540<\/td>\n<td>Amay<\/td>\n<td>1999<\/td>\n<\/tr>\n<tr>\n<td>APEM<\/td>\n<td>4802<\/td>\n<td>Heusy<\/td>\n<td>1998<\/td>\n<\/tr>\n<tr>\n<td>Huize ROZENWINGERD<\/td>\n<td>8670<\/td>\n<td>Oostduinkerke<\/td>\n<td>1997<\/td>\n<\/tr>\n<tr>\n<td>Les PLATANES<\/td>\n<td>1170<\/td>\n<td>Bruxelles<\/td>\n<td>1996<\/td>\n<\/tr>\n<tr>\n<td>MOBO<\/td>\n<td>8500<\/td>\n<td>Gent<\/td>\n<td>1995<\/td>\n<\/tr>\n<tr>\n<td>AVALYMPICS-GEEL<\/td>\n<td>2440<\/td>\n<td>Geel<\/td>\n<td>1994<\/td>\n<\/tr>\n<tr>\n<td>La FORESTIERE<\/td>\n<td>1050<\/td>\n<td>Bruxelles<\/td>\n<td>1993<\/td>\n<\/tr>\n<tr>\n<td>KERCKSTEDE<\/td>\n<td>8840<\/td>\n<td>Oostnieuwekerke<\/td>\n<td>1992<\/td>\n<\/tr>\n<\/tbody>\n<\/table><\/div>\n\t\t\t\t<\/div>\n\t\t\t\t<\/div>\n\t\t\t\t\t\t<\/div>\n\t\t\t\t\t<\/div>\n\t\t<\/div>\n\t\t\t\t\t\t\t\t<\/div>\n\t\t\t\t\t<\/div>\n\t\t<\/section>\n\t\t\t\t<section class=\"elementor-section elementor-top-section elementor-element elementor-element-76b89d9 elementor-section-boxed elementor-section-height-default elementor-section-height-default\" data-id=\"76b89d9\" data-element_type=\"section\">\n\t\t\t\t\t\t<div class=\"elementor-container elementor-column-gap-default\">\n\t\t\t\t\t\t\t<div class=\"elementor-row\">\n\t\t\t\t\t<div class=\"elementor-column elementor-col-50 elementor-top-column elementor-element elementor-element-ef73110\" data-id=\"ef73110\" data-element_type=\"column\">\n\t\t\t<div class=\"elementor-column-wrap elementor-element-populated\">\n\t\t\t\t\t\t\t<div class=\"elementor-widget-wrap\">\n\t\t\t\t\t\t<div class=\"elementor-element elementor-element-fafac4b elementor-widget elementor-widget-image\" data-id=\"fafac4b\" data-element_type=\"widget\" data-widget_type=\"image.default\">\n\t\t\t\t<div class=\"elementor-widget-container\">\n\t\t\t\t\t<div class=\"elementor-image\">\n\t\t\t\t\t\t\t<figure class=\"wp-caption\">\n\t\t\t\t\t\t\t\t\t\t<img width=\"640\" height=\"427\" src=\"https:\/\/www.fondsantoinedopchie.org\/wp-content\/uploads\/2024\/08\/353817419_10224311890530897_3172616184944847928_n-1-1024x683.jpg\" class=\"attachment-large size-large\" alt=\"\" loading=\"lazy\" srcset=\"https:\/\/www.fondsantoinedopchie.org\/wp-content\/uploads\/2024\/08\/353817419_10224311890530897_3172616184944847928_n-1-1024x683.jpg 1024w, https:\/\/www.fondsantoinedopchie.org\/wp-content\/uploads\/2024\/08\/353817419_10224311890530897_3172616184944847928_n-1-300x200.jpg 300w, https:\/\/www.fondsantoinedopchie.org\/wp-content\/uploads\/2024\/08\/353817419_10224311890530897_3172616184944847928_n-1-768x512.jpg 768w, https:\/\/www.fondsantoinedopchie.org\/wp-content\/uploads\/2024\/08\/353817419_10224311890530897_3172616184944847928_n-1-1536x1024.jpg 1536w, https:\/\/www.fondsantoinedopchie.org\/wp-content\/uploads\/2024\/08\/353817419_10224311890530897_3172616184944847928_n-1.jpg 2048w\" sizes=\"(max-width: 640px) 100vw, 640px\" \/>\t\t\t\t\t\t\t\t\t\t\t<figcaption class=\"widget-image-caption wp-caption-text\">ZGEEL<\/figcaption>\n\t\t\t\t\t\t\t\t\t\t<\/figure>\n\t\t\t\t\t<\/div>\n\t\t\t\t<\/div>\n\t\t\t\t<\/div>\n\t\t\t\t\t\t<\/div>\n\t\t\t\t\t<\/div>\n\t\t<\/div>\n\t\t\t\t<div class=\"elementor-column elementor-col-50 elementor-top-column elementor-element elementor-element-4a0147a\" data-id=\"4a0147a\" data-element_type=\"column\">\n\t\t\t<div class=\"elementor-column-wrap elementor-element-populated\">\n\t\t\t\t\t\t\t<div class=\"elementor-widget-wrap\">\n\t\t\t\t\t\t<div class=\"elementor-element elementor-element-5c1ee00 elementor-widget elementor-widget-image\" data-id=\"5c1ee00\" data-element_type=\"widget\" data-widget_type=\"image.default\">\n\t\t\t\t<div class=\"elementor-widget-container\">\n\t\t\t\t\t<div class=\"elementor-image\">\n\t\t\t\t\t\t\t<figure class=\"wp-caption\">\n\t\t\t\t\t\t\t\t\t\t<img width=\"640\" height=\"426\" src=\"https:\/\/www.fondsantoinedopchie.org\/wp-content\/uploads\/2024\/08\/443734954_10226004436363485_4202224847870742914_n-1-1024x681.jpg\" class=\"attachment-large size-large\" alt=\"\" loading=\"lazy\" srcset=\"https:\/\/www.fondsantoinedopchie.org\/wp-content\/uploads\/2024\/08\/443734954_10226004436363485_4202224847870742914_n-1-1024x681.jpg 1024w, https:\/\/www.fondsantoinedopchie.org\/wp-content\/uploads\/2024\/08\/443734954_10226004436363485_4202224847870742914_n-1-300x200.jpg 300w, https:\/\/www.fondsantoinedopchie.org\/wp-content\/uploads\/2024\/08\/443734954_10226004436363485_4202224847870742914_n-1-768x511.jpg 768w, https:\/\/www.fondsantoinedopchie.org\/wp-content\/uploads\/2024\/08\/443734954_10226004436363485_4202224847870742914_n-1-1536x1022.jpg 1536w, https:\/\/www.fondsantoinedopchie.org\/wp-content\/uploads\/2024\/08\/443734954_10226004436363485_4202224847870742914_n-1.jpg 2048w\" sizes=\"(max-width: 640px) 100vw, 640px\" \/>\t\t\t\t\t\t\t\t\t\t\t<figcaption class=\"widget-image-caption wp-caption-text\">HOGE KOUTER<\/figcaption>\n\t\t\t\t\t\t\t\t\t\t<\/figure>\n\t\t\t\t\t<\/div>\n\t\t\t\t<\/div>\n\t\t\t\t<\/div>\n\t\t\t\t\t\t<\/div>\n\t\t\t\t\t<\/div>\n\t\t<\/div>\n\t\t\t\t\t\t\t\t<\/div>\n\t\t\t\t\t<\/div>\n\t\t<\/section>\n\t\t\t\t<section class=\"elementor-section elementor-top-section elementor-element elementor-element-0faef2e elementor-section-boxed elementor-section-height-default elementor-section-height-default\" data-id=\"0faef2e\" data-element_type=\"section\">\n\t\t\t\t\t\t<div class=\"elementor-container elementor-column-gap-default\">\n\t\t\t\t\t\t\t<div class=\"elementor-row\">\n\t\t\t\t\t<div class=\"elementor-column elementor-col-50 elementor-top-column elementor-element elementor-element-6f3ce88\" data-id=\"6f3ce88\" data-element_type=\"column\">\n\t\t\t<div class=\"elementor-column-wrap elementor-element-populated\">\n\t\t\t\t\t\t\t<div class=\"elementor-widget-wrap\">\n\t\t\t\t\t\t<div class=\"elementor-element elementor-element-f5ebfac elementor-widget elementor-widget-image\" data-id=\"f5ebfac\" data-element_type=\"widget\" data-widget_type=\"image.default\">\n\t\t\t\t<div class=\"elementor-widget-container\">\n\t\t\t\t\t<div class=\"elementor-image\">\n\t\t\t\t\t\t\t<figure class=\"wp-caption\">\n\t\t\t\t\t\t\t\t\t\t<img width=\"640\" height=\"425\" src=\"https:\/\/www.fondsantoinedopchie.org\/wp-content\/uploads\/2022\/12\/DOPCHIE_Dimitri_Schelkens-31-1024x680.jpg\" class=\"attachment-large size-large\" alt=\"\" loading=\"lazy\" srcset=\"https:\/\/www.fondsantoinedopchie.org\/wp-content\/uploads\/2022\/12\/DOPCHIE_Dimitri_Schelkens-31-1024x680.jpg 1024w, https:\/\/www.fondsantoinedopchie.org\/wp-content\/uploads\/2022\/12\/DOPCHIE_Dimitri_Schelkens-31-300x199.jpg 300w, https:\/\/www.fondsantoinedopchie.org\/wp-content\/uploads\/2022\/12\/DOPCHIE_Dimitri_Schelkens-31-768x510.jpg 768w, https:\/\/www.fondsantoinedopchie.org\/wp-content\/uploads\/2022\/12\/DOPCHIE_Dimitri_Schelkens-31-1536x1020.jpg 1536w, https:\/\/www.fondsantoinedopchie.org\/wp-content\/uploads\/2022\/12\/DOPCHIE_Dimitri_Schelkens-31-2048x1360.jpg 2048w\" sizes=\"(max-width: 640px) 100vw, 640px\" \/>\t\t\t\t\t\t\t\t\t\t\t<figcaption class=\"widget-image-caption wp-caption-text\">CLUB KERCKSTEDE<\/figcaption>\n\t\t\t\t\t\t\t\t\t\t<\/figure>\n\t\t\t\t\t<\/div>\n\t\t\t\t<\/div>\n\t\t\t\t<\/div>\n\t\t\t\t\t\t<\/div>\n\t\t\t\t\t<\/div>\n\t\t<\/div>\n\t\t\t\t<div class=\"elementor-column elementor-col-50 elementor-top-column elementor-element elementor-element-fcd3fb3\" data-id=\"fcd3fb3\" data-element_type=\"column\">\n\t\t\t<div class=\"elementor-column-wrap elementor-element-populated\">\n\t\t\t\t\t\t\t<div class=\"elementor-widget-wrap\">\n\t\t\t\t\t\t<div class=\"elementor-element elementor-element-1ed687f elementor-widget elementor-widget-image\" data-id=\"1ed687f\" data-element_type=\"widget\" data-widget_type=\"image.default\">\n\t\t\t\t<div class=\"elementor-widget-container\">\n\t\t\t\t\t<div class=\"elementor-image\">\n\t\t\t\t\t\t\t<figure class=\"wp-caption\">\n\t\t\t\t\t\t\t\t\t\t<img width=\"640\" height=\"425\" src=\"https:\/\/www.fondsantoinedopchie.org\/wp-content\/uploads\/2022\/12\/DOPCHIE_Dimitri_Schelkens-32-1024x680.jpg\" class=\"attachment-large size-large\" alt=\"\" loading=\"lazy\" srcset=\"https:\/\/www.fondsantoinedopchie.org\/wp-content\/uploads\/2022\/12\/DOPCHIE_Dimitri_Schelkens-32-1024x680.jpg 1024w, https:\/\/www.fondsantoinedopchie.org\/wp-content\/uploads\/2022\/12\/DOPCHIE_Dimitri_Schelkens-32-300x199.jpg 300w, https:\/\/www.fondsantoinedopchie.org\/wp-content\/uploads\/2022\/12\/DOPCHIE_Dimitri_Schelkens-32-768x510.jpg 768w, https:\/\/www.fondsantoinedopchie.org\/wp-content\/uploads\/2022\/12\/DOPCHIE_Dimitri_Schelkens-32-1536x1020.jpg 1536w, https:\/\/www.fondsantoinedopchie.org\/wp-content\/uploads\/2022\/12\/DOPCHIE_Dimitri_Schelkens-32-2048x1360.jpg 2048w\" sizes=\"(max-width: 640px) 100vw, 640px\" \/>\t\t\t\t\t\t\t\t\t\t\t<figcaption class=\"widget-image-caption wp-caption-text\">CLUB KERCKSTEDE<\/figcaption>\n\t\t\t\t\t\t\t\t\t\t<\/figure>\n\t\t\t\t\t<\/div>\n\t\t\t\t<\/div>\n\t\t\t\t<\/div>\n\t\t\t\t\t\t<\/div>\n\t\t\t\t\t<\/div>\n\t\t<\/div>\n\t\t\t\t\t\t\t\t<\/div>\n\t\t\t\t\t<\/div>\n\t\t<\/section>\n\t\t\t\t<section class=\"elementor-section elementor-top-section elementor-element elementor-element-ba85ed4 elementor-section-boxed elementor-section-height-default elementor-section-height-default\" data-id=\"ba85ed4\" data-element_type=\"section\">\n\t\t\t\t\t\t<div class=\"elementor-container elementor-column-gap-default\">\n\t\t\t\t\t\t\t<div class=\"elementor-row\">\n\t\t\t\t\t<div class=\"elementor-column elementor-col-50 elementor-top-column elementor-element elementor-element-3809b73\" data-id=\"3809b73\" data-element_type=\"column\">\n\t\t\t<div class=\"elementor-column-wrap elementor-element-populated\">\n\t\t\t\t\t\t\t<div class=\"elementor-widget-wrap\">\n\t\t\t\t\t\t<div class=\"elementor-element elementor-element-a532daa elementor-widget elementor-widget-image\" data-id=\"a532daa\" data-element_type=\"widget\" data-widget_type=\"image.default\">\n\t\t\t\t<div class=\"elementor-widget-container\">\n\t\t\t\t\t<div class=\"elementor-image\">\n\t\t\t\t\t\t\t\t\t\t<img width=\"640\" height=\"427\" src=\"https:\/\/www.fondsantoinedopchie.org\/wp-content\/uploads\/2020\/12\/Copie-de-2017_09.-27052017-Dominique-Dopchie-1024x683.jpg\" class=\"attachment-large size-large\" alt=\"\" loading=\"lazy\" srcset=\"https:\/\/www.fondsantoinedopchie.org\/wp-content\/uploads\/2020\/12\/Copie-de-2017_09.-27052017-Dominique-Dopchie-1024x683.jpg 1024w, https:\/\/www.fondsantoinedopchie.org\/wp-content\/uploads\/2020\/12\/Copie-de-2017_09.-27052017-Dominique-Dopchie-300x200.jpg 300w, https:\/\/www.fondsantoinedopchie.org\/wp-content\/uploads\/2020\/12\/Copie-de-2017_09.-27052017-Dominique-Dopchie-768x512.jpg 768w, https:\/\/www.fondsantoinedopchie.org\/wp-content\/uploads\/2020\/12\/Copie-de-2017_09.-27052017-Dominique-Dopchie-1536x1024.jpg 1536w, https:\/\/www.fondsantoinedopchie.org\/wp-content\/uploads\/2020\/12\/Copie-de-2017_09.-27052017-Dominique-Dopchie-2048x1365.jpg 2048w\" sizes=\"(max-width: 640px) 100vw, 640px\" \/>\t\t\t\t\t\t\t\t\t\t\t<\/div>\n\t\t\t\t<\/div>\n\t\t\t\t<\/div>\n\t\t\t\t\t\t<\/div>\n\t\t\t\t\t<\/div>\n\t\t<\/div>\n\t\t\t\t<div class=\"elementor-column elementor-col-50 elementor-top-column elementor-element elementor-element-66fc92b\" data-id=\"66fc92b\" data-element_type=\"column\">\n\t\t\t<div class=\"elementor-column-wrap elementor-element-populated\">\n\t\t\t\t\t\t\t<div class=\"elementor-widget-wrap\">\n\t\t\t\t\t\t<div class=\"elementor-element elementor-element-acaf00a elementor-widget elementor-widget-image\" data-id=\"acaf00a\" data-element_type=\"widget\" data-widget_type=\"image.default\">\n\t\t\t\t<div class=\"elementor-widget-container\">\n\t\t\t\t\t<div class=\"elementor-image\">\n\t\t\t\t\t\t\t\t\t\t<img width=\"640\" height=\"427\" src=\"https:\/\/www.fondsantoinedopchie.org\/wp-content\/uploads\/2020\/12\/Copie-de-2017_Club-Avali-Lummen-1024x683.jpeg\" class=\"attachment-large size-large\" alt=\"\" loading=\"lazy\" srcset=\"https:\/\/www.fondsantoinedopchie.org\/wp-content\/uploads\/2020\/12\/Copie-de-2017_Club-Avali-Lummen-1024x683.jpeg 1024w, https:\/\/www.fondsantoinedopchie.org\/wp-content\/uploads\/2020\/12\/Copie-de-2017_Club-Avali-Lummen-300x200.jpeg 300w, https:\/\/www.fondsantoinedopchie.org\/wp-content\/uploads\/2020\/12\/Copie-de-2017_Club-Avali-Lummen-768x512.jpeg 768w, https:\/\/www.fondsantoinedopchie.org\/wp-content\/uploads\/2020\/12\/Copie-de-2017_Club-Avali-Lummen-1536x1024.jpeg 1536w, https:\/\/www.fondsantoinedopchie.org\/wp-content\/uploads\/2020\/12\/Copie-de-2017_Club-Avali-Lummen-2048x1365.jpeg 2048w\" sizes=\"(max-width: 640px) 100vw, 640px\" \/>\t\t\t\t\t\t\t\t\t\t\t<\/div>\n\t\t\t\t<\/div>\n\t\t\t\t<\/div>\n\t\t\t\t\t\t<\/div>\n\t\t\t\t\t<\/div>\n\t\t<\/div>\n\t\t\t\t\t\t\t\t<\/div>\n\t\t\t\t\t<\/div>\n\t\t<\/section>\n\t\t\t\t<section class=\"elementor-section elementor-top-section elementor-element elementor-element-6c91483 elementor-section-boxed elementor-section-height-default elementor-section-height-default\" data-id=\"6c91483\" data-element_type=\"section\">\n\t\t\t\t\t\t<div class=\"elementor-container elementor-column-gap-default\">\n\t\t\t\t\t\t\t<div class=\"elementor-row\">\n\t\t\t\t\t<div class=\"elementor-column elementor-col-50 elementor-top-column elementor-element elementor-element-e9eee9f\" data-id=\"e9eee9f\" data-element_type=\"column\">\n\t\t\t<div class=\"elementor-column-wrap elementor-element-populated\">\n\t\t\t\t\t\t\t<div class=\"elementor-widget-wrap\">\n\t\t\t\t\t\t<div class=\"elementor-element elementor-element-c84535b elementor-widget elementor-widget-image\" data-id=\"c84535b\" data-element_type=\"widget\" data-widget_type=\"image.default\">\n\t\t\t\t<div class=\"elementor-widget-container\">\n\t\t\t\t\t<div class=\"elementor-image\">\n\t\t\t\t\t\t\t\t\t\t<img width=\"640\" height=\"480\" src=\"https:\/\/www.fondsantoinedopchie.org\/wp-content\/uploads\/2020\/12\/Copie-de-2018_Dopchie_club_IMG_20180512_113345-1024x768.jpg\" class=\"attachment-large size-large\" alt=\"\" loading=\"lazy\" srcset=\"https:\/\/www.fondsantoinedopchie.org\/wp-content\/uploads\/2020\/12\/Copie-de-2018_Dopchie_club_IMG_20180512_113345-1024x768.jpg 1024w, https:\/\/www.fondsantoinedopchie.org\/wp-content\/uploads\/2020\/12\/Copie-de-2018_Dopchie_club_IMG_20180512_113345-300x225.jpg 300w, https:\/\/www.fondsantoinedopchie.org\/wp-content\/uploads\/2020\/12\/Copie-de-2018_Dopchie_club_IMG_20180512_113345-768x576.jpg 768w, https:\/\/www.fondsantoinedopchie.org\/wp-content\/uploads\/2020\/12\/Copie-de-2018_Dopchie_club_IMG_20180512_113345-1536x1152.jpg 1536w, https:\/\/www.fondsantoinedopchie.org\/wp-content\/uploads\/2020\/12\/Copie-de-2018_Dopchie_club_IMG_20180512_113345-2048x1536.jpg 2048w\" sizes=\"(max-width: 640px) 100vw, 640px\" \/>\t\t\t\t\t\t\t\t\t\t\t<\/div>\n\t\t\t\t<\/div>\n\t\t\t\t<\/div>\n\t\t\t\t\t\t<\/div>\n\t\t\t\t\t<\/div>\n\t\t<\/div>\n\t\t\t\t<div class=\"elementor-column elementor-col-50 elementor-top-column elementor-element elementor-element-78e25e2\" data-id=\"78e25e2\" data-element_type=\"column\">\n\t\t\t<div class=\"elementor-column-wrap elementor-element-populated\">\n\t\t\t\t\t\t\t<div class=\"elementor-widget-wrap\">\n\t\t\t\t\t\t<div class=\"elementor-element elementor-element-fecc8f8 elementor-widget elementor-widget-image\" data-id=\"fecc8f8\" data-element_type=\"widget\" data-widget_type=\"image.default\">\n\t\t\t\t<div class=\"elementor-widget-container\">\n\t\t\t\t\t<div class=\"elementor-image\">\n\t\t\t\t\t\t\t\t\t\t<img width=\"640\" height=\"427\" src=\"https:\/\/www.fondsantoinedopchie.org\/wp-content\/uploads\/2020\/12\/Copie-de-2019_NS_11-1024x683.jpeg\" class=\"attachment-large size-large\" alt=\"\" loading=\"lazy\" srcset=\"https:\/\/www.fondsantoinedopchie.org\/wp-content\/uploads\/2020\/12\/Copie-de-2019_NS_11-1024x683.jpeg 1024w, https:\/\/www.fondsantoinedopchie.org\/wp-content\/uploads\/2020\/12\/Copie-de-2019_NS_11-300x200.jpeg 300w, https:\/\/www.fondsantoinedopchie.org\/wp-content\/uploads\/2020\/12\/Copie-de-2019_NS_11-768x512.jpeg 768w, https:\/\/www.fondsantoinedopchie.org\/wp-content\/uploads\/2020\/12\/Copie-de-2019_NS_11-1536x1024.jpeg 1536w, https:\/\/www.fondsantoinedopchie.org\/wp-content\/uploads\/2020\/12\/Copie-de-2019_NS_11-2048x1365.jpeg 2048w\" sizes=\"(max-width: 640px) 100vw, 640px\" \/>\t\t\t\t\t\t\t\t\t\t\t<\/div>\n\t\t\t\t<\/div>\n\t\t\t\t<\/div>\n\t\t\t\t\t\t<\/div>\n\t\t\t\t\t<\/div>\n\t\t<\/div>\n\t\t\t\t\t\t\t\t<\/div>\n\t\t\t\t\t<\/div>\n\t\t<\/section>\n\t\t\t\t<section class=\"elementor-section elementor-top-section elementor-element elementor-element-c8f2d0a elementor-section-boxed elementor-section-height-default elementor-section-height-default\" data-id=\"c8f2d0a\" data-element_type=\"section\">\n\t\t\t\t\t\t<div class=\"elementor-container elementor-column-gap-default\">\n\t\t\t\t\t\t\t<div class=\"elementor-row\">\n\t\t\t\t\t<div class=\"elementor-column elementor-col-50 elementor-top-column elementor-element elementor-element-1569cff\" data-id=\"1569cff\" data-element_type=\"column\">\n\t\t\t<div class=\"elementor-column-wrap elementor-element-populated\">\n\t\t\t\t\t\t\t<div class=\"elementor-widget-wrap\">\n\t\t\t\t\t\t<div class=\"elementor-element elementor-element-00b84dc elementor-widget elementor-widget-image\" data-id=\"00b84dc\" data-element_type=\"widget\" data-widget_type=\"image.default\">\n\t\t\t\t<div class=\"elementor-widget-container\">\n\t\t\t\t\t<div class=\"elementor-image\">\n\t\t\t\t\t\t\t\t\t\t<img width=\"640\" height=\"427\" src=\"https:\/\/www.fondsantoinedopchie.org\/wp-content\/uploads\/2020\/12\/Copie-de-2019_NS_12-1024x683.jpeg\" class=\"attachment-large size-large\" alt=\"\" loading=\"lazy\" srcset=\"https:\/\/www.fondsantoinedopchie.org\/wp-content\/uploads\/2020\/12\/Copie-de-2019_NS_12-1024x683.jpeg 1024w, https:\/\/www.fondsantoinedopchie.org\/wp-content\/uploads\/2020\/12\/Copie-de-2019_NS_12-300x200.jpeg 300w, https:\/\/www.fondsantoinedopchie.org\/wp-content\/uploads\/2020\/12\/Copie-de-2019_NS_12-768x512.jpeg 768w, https:\/\/www.fondsantoinedopchie.org\/wp-content\/uploads\/2020\/12\/Copie-de-2019_NS_12-1536x1024.jpeg 1536w, https:\/\/www.fondsantoinedopchie.org\/wp-content\/uploads\/2020\/12\/Copie-de-2019_NS_12-2048x1365.jpeg 2048w\" sizes=\"(max-width: 640px) 100vw, 640px\" \/>\t\t\t\t\t\t\t\t\t\t\t<\/div>\n\t\t\t\t<\/div>\n\t\t\t\t<\/div>\n\t\t\t\t\t\t<\/div>\n\t\t\t\t\t<\/div>\n\t\t<\/div>\n\t\t\t\t<div class=\"elementor-column elementor-col-50 elementor-top-column elementor-element elementor-element-1c62890\" data-id=\"1c62890\" data-element_type=\"column\">\n\t\t\t<div class=\"elementor-column-wrap elementor-element-populated\">\n\t\t\t\t\t\t\t<div class=\"elementor-widget-wrap\">\n\t\t\t\t\t\t<div class=\"elementor-element elementor-element-c89e3dd elementor-widget elementor-widget-image\" data-id=\"c89e3dd\" data-element_type=\"widget\" data-widget_type=\"image.default\">\n\t\t\t\t<div class=\"elementor-widget-container\">\n\t\t\t\t\t<div class=\"elementor-image\">\n\t\t\t\t\t\t\t\t\t\t<img width=\"640\" height=\"427\" src=\"https:\/\/www.fondsantoinedopchie.org\/wp-content\/uploads\/2020\/12\/Copie-de-2019_NS_14-1024x683.jpeg\" class=\"attachment-large size-large\" alt=\"\" loading=\"lazy\" srcset=\"https:\/\/www.fondsantoinedopchie.org\/wp-content\/uploads\/2020\/12\/Copie-de-2019_NS_14-1024x683.jpeg 1024w, https:\/\/www.fondsantoinedopchie.org\/wp-content\/uploads\/2020\/12\/Copie-de-2019_NS_14-300x200.jpeg 300w, https:\/\/www.fondsantoinedopchie.org\/wp-content\/uploads\/2020\/12\/Copie-de-2019_NS_14-768x512.jpeg 768w, https:\/\/www.fondsantoinedopchie.org\/wp-content\/uploads\/2020\/12\/Copie-de-2019_NS_14-1536x1024.jpeg 1536w, https:\/\/www.fondsantoinedopchie.org\/wp-content\/uploads\/2020\/12\/Copie-de-2019_NS_14-2048x1365.jpeg 2048w\" sizes=\"(max-width: 640px) 100vw, 640px\" \/>\t\t\t\t\t\t\t\t\t\t\t<\/div>\n\t\t\t\t<\/div>\n\t\t\t\t<\/div>\n\t\t\t\t\t\t<\/div>\n\t\t\t\t\t<\/div>\n\t\t<\/div>\n\t\t\t\t\t\t\t\t<\/div>\n\t\t\t\t\t<\/div>\n\t\t<\/section>\n\t\t\t\t\t\t<\/div>\n\t\t\t\t\t\t<\/div>\n\t\t\t\t\t<\/div>\n\t\t","protected":false},"excerpt":{"rendered":"<p>Liste des laur\u00e9ats Prix club. Nom Club Code postal Ville Ann\u00e9e laur\u00e9at HOGE KOUTER 8500 Kortrijk 2024 ZGEEL 2440 Geel 2023 CLUB KERCKSTEDE 8840 Oostnieuwkerke 2022 EMBARQUEMENT IMMEDIAT 4000 Li\u00e8ge 2019 ZONNEHOEVE 9810 Eke-Nazareth 2018 AVALI LUMMEN 2017 DAIS 2016 L&rsquo;ENVOL 2015 HOGE KOUTER 2013 LA CORDEE 2012 LES OURSONS 2011 Z GEEL 2010 AVALYMPICS-LIMBURG [&hellip;]<\/p>\n","protected":false},"author":1,"featured_media":0,"parent":0,"menu_order":0,"comment_status":"closed","ping_status":"closed","template":"","meta":[],"_links":{"self":[{"href":"https:\/\/www.fondsantoinedopchie.org\/index.php\/wp-json\/wp\/v2\/pages\/424"}],"collection":[{"href":"https:\/\/www.fondsantoinedopchie.org\/index.php\/wp-json\/wp\/v2\/pages"}],"about":[{"href":"https:\/\/www.fondsantoinedopchie.org\/index.php\/wp-json\/wp\/v2\/types\/page"}],"author":[{"embeddable":true,"href":"https:\/\/www.fondsantoinedopchie.org\/index.php\/wp-json\/wp\/v2\/users\/1"}],"replies":[{"embeddable":true,"href":"https:\/\/www.fondsantoinedopchie.org\/index.php\/wp-json\/wp\/v2\/comments?post=424"}],"version-history":[{"count":34,"href":"https:\/\/www.fondsantoinedopchie.org\/index.php\/wp-json\/wp\/v2\/pages\/424\/revisions"}],"predecessor-version":[{"id":1557,"href":"https:\/\/www.fondsantoinedopchie.org\/index.php\/wp-json\/wp\/v2\/pages\/424\/revisions\/1557"}],"wp:attachment":[{"href":"https:\/\/www.fondsantoinedopchie.org\/index.php\/wp-json\/wp\/v2\/media?parent=424"}],"curies":[{"name":"wp","href":"https:\/\/api.w.org\/{rel}","templated":true}]}}